{"id":175,"date":"2016-01-04T20:06:13","date_gmt":"2016-01-04T19:06:13","guid":{"rendered":"http:\/\/www.prammer.eu\/?page_id=175"},"modified":"2018-03-02T11:09:02","modified_gmt":"2018-03-02T10:09:02","slug":"downloads","status":"publish","type":"page","link":"https:\/\/www.prammer.eu\/?page_id=175","title":{"rendered":"Downloads"},"content":{"rendered":"<p>[vc_row][vc_column]<div class=\"icon-box\"><i class=\"fa fa-square\" style=\"color:#f9c136\"><\/i><div class=\"icon-box-content\"><h3>DOWNLOADS<\/h3><p><\/p><\/div><\/div>[\/vc_column][\/vc_row][vc_row][vc_column][vc_separator][\/vc_column][\/vc_row][vc_row][vc_column][vc_column_text]<\/p>\n<h3 id=\"sustainability_download\" class=\"p2\">ORGANISATIONEN UND KONFLIKTE<br \/>\nWie Konflikte Entwicklungschancen in &#038; f\u00fcr Organisationen schaffen <\/h3>\n<h5>Artikel &#8211; Mag. T\u00fcnde Erd\u00f3s, MSc; Doz. Dipl.Ing. Dr. Karl Prammer, 2017<\/h5>\n<p>[\/vc_column_text][\/vc_column][\/vc_row][vc_row][vc_column width=&#8221;1\/4&#8243;][vc_single_image image=&#8221;1967&#8243; img_size=&#8221;full&#8221; style=&#8221;vc_box_rounded&#8221; onclick=&#8221;custom_link&#8221; img_link_target=&#8221;_blank&#8221; link=&#8221;http:\/\/www.prammer.eu\/wp-content\/uploads\/2018\/03\/Konflikte_und_Organisationen-Erdo\u0308s_Prammer-WISO2017.pdf&#8221;][\/vc_column][vc_column width=&#8221;3\/4&#8243;][vc_column_text]<\/p>\n<p class=\"p2\">Abstract \u2014 Entwicklung und Lernen in und von Organisationen lebt von Unterschieden. Unterschieden wohnt aber h\u00e4ufig etwas Bedrohliches in sich. Ist die Bereitschaft zur Entwicklung gegeben, wird \u201eBegegnung\u201c anstatt \u201eVergegnung\u201c (im Sinne Martin Bubers) angestrebt, wei\u00df man \u00fcber den relevanten Kontext, der wirkt, bzw. die \u201eMarionettenf\u00e4den\u201c, die in einer Organisation ziehen, Bescheid, dann haben Betroffene das Potenzial, Konflikte konstruktiv auszutragen und pers\u00f6nliche und organisationale Entwicklung auf inhaltlicher und sozialer Ebene zu schaffen.Nach einem Amuse-Gueule an Basics werden im Artikel anhand eines Fallbeispiels M\u00f6glichkeiten und Instrumente zur Konfliktl\u00f6sung vorgestellt und Ratschl\u00e4ge mit \u201eauf den Weg\u201c gegeben.<br \/>\n&nbsp;<br \/>\n\u201eOrganizations and Conflict \u2013 How conflicts create potential of developement for and within organizations\u201c<br \/>\nAbstract \u2014 This article constitutes that each and every learning step of persons and organizations is determined by differences. Conflicts develop out of difference and the striving to keep the status quo. The potential and possibilities of development can be seen in the making relevant differences conscious and visible. Utilizing a case study, the authors introduce instruments and strategies for conflict resolution. <b> <\/b><\/p>\n<p class=\"p2\">Wirtschafts- und sozialpolitische Zeitschrift WISO; ISW, Linz, 40.Jg., 2017\/4, S.167-202<\/p>\n<p>[\/vc_column_text][\/vc_column][\/vc_row][vc_row][vc_column][vc_separator style=&#8221;dotted&#8221;][\/vc_column][\/vc_row][vc_row][vc_column][vc_column_text]<\/p>\n<h3 id=\"sustainability_download\" class=\"p2\">SUSTAINABILITY IN ORGANIZATION DEVELOPMENT<br \/>\nResearch Outcome and Current Practice<\/h3>\n<h5>Artikel &#8211; Doz. Dipl.Ing. Dr. Karl Prammer, Mag. T\u00fcnde Erd\u00f3s, MSc; Italien \/ Rom 2015<\/h5>\n<p>[\/vc_column_text][\/vc_column][\/vc_row][vc_row][vc_column width=&#8221;1\/4&#8243;][vc_single_image image=&#8221;1814&#8243; img_size=&#8221;full&#8221; style=&#8221;vc_box_rounded&#8221; onclick=&#8221;custom_link&#8221; img_link_target=&#8221;_blank&#8221; link=&#8221;http:\/\/www.prammer.eu\/wp-content\/uploads\/2016\/01\/SustainabilityOD-IRED_ROME-PrammerErdoes-2015-2.pdf&#8221;][\/vc_column][vc_column width=&#8221;3\/4&#8243;][vc_column_text]<\/p>\n<p class=\"p2\">Abstract \u2014 Since the publishing of what has become to be known as the \u2018Brundtland-Report\u2019 in 1987 the term sustainability has been used in various ways. However, there is almost no relevant literature that would explicitly exhort the concept of sustainability in the context of Organization Development (OD) itself. The paper attempts to sketch sustainability in the organizational field as a contingent matter. In effect, in capturing potential aspects of sustainability that might be \u2018in the room\u2019 and in dialoguing about the relevance thereof for an OD endeavor we deem it to be primordial to give a voice to both the existing environments and those that might possibly arise in the future. Additionally, it proves essential to establish some sort of transition organization which is predestined to encompass all the sustainability aspects identified as relevant and to follow up on those aspects in a room free from taboos in what we refer to as a cyclical, recursive and reflexive process. Such an approach is likely to allow for sustainable solutions to emerge with impunity. Finally and complementing the two ideas above, on a personal and social level, it seems imperative to accompany parties concerned from leadership, to management, to shopfloor such that they feel facilitated to embark on a joint Organization Development journey cognitively and emotionally with the aim to develop sustainable and fully engaged realities in their organization.<b> <\/b><\/p>\n<p class=\"p2\">Italien \/ Rom 2015<\/p>\n<p>[\/vc_column_text][\/vc_column][\/vc_row][vc_row][vc_column][vc_separator style=&#8221;dotted&#8221;][\/vc_column][\/vc_row][vc_row][vc_column][vc_column_text]<\/p>\n<h3>TRANSFORMATION MANAGEMENT (TM)<br \/>\nAn effective approach to substainable management through participation-driven organizational development (OD)<\/h3>\n<h5>Artikel &#8211; International Conference of Advances in Economics, Management and Social Studies; Kuala Lumpur \/ Malaysia 2014<\/h5>\n<p>[\/vc_column_text][\/vc_column][\/vc_row][vc_row][vc_column width=&#8221;1\/4&#8243;][vc_single_image image=&#8221;1427&#8243; img_size=&#8221;full&#8221; style=&#8221;vc_box_rounded&#8221; onclick=&#8221;custom_link&#8221; img_link_target=&#8221;_blank&#8221; link=&#8221;http:\/\/www.prammer.eu\/wp-content\/uploads\/2016\/01\/TM-article-Malaysia-2015-IJMBS.pdf&#8221;][vc_single_image image=&#8221;1806&#8243; img_size=&#8221;full&#8221; style=&#8221;vc_box_rounded&#8221; onclick=&#8221;custom_link&#8221; img_link_target=&#8221;_blank&#8221; link=&#8221;http:\/\/www.prammer.eu\/wp-content\/uploads\/2016\/01\/TM-article-Malaysia-2015-IJMBS.pdf&#8221;][\/vc_column][vc_column width=&#8221;3\/4&#8243;][vc_column_text]Abstract \u2014 Organizational design &amp; development is expected to fulfill multiple purposes such as a fast-paced and resourceeffective implementation, broad and deep acceptance, and high sustainability of the solutions developed and implemented at the same time. These are expectations, which cannot be easily accommodated, in particular where development is supposed to encompass radical restructuring. The concept of TM deliberated in this paper intends to offer both a theoretical and tried &amp; tested organizational development approach. Following a brief outline of the scientific background, on the basis of which the TM approach was born (section I), along with a few motivations for the development of the approach (section II) the paper is geared to shine a light on the key cornerstones of the approach in terms of project management, instruments of intervention, as well as the behavior of the people who practice this approach (section III).<\/p>\n<p>DOI: 10.15224\/978-1-63248-054-5-72<br \/>\nIn: EMS 2014, Proceeding of International Conference of Advances in Economics, Management and Social Studies; Kuala Lumpur \/ Malaysia 2014, P.22-28, ISBN: 978-1-63248-054-5<br \/>\nIn: International Journal of Business and Management Study \u2013 IJBMS, Volume 1 : Issue 4, 2014, P. 27-33<\/p>\n<p>[\/vc_column_text][\/vc_column][\/vc_row][vc_row][vc_column][vc_separator style=&#8221;dotted&#8221;][\/vc_column][\/vc_row][vc_row][vc_column][vc_column_text]<\/p>\n<h3 class=\"p2\">BETRIEBLICHE VER\u00c4NDERUNGEN<br \/>\nDer Betriebsrat as meister der Jonglage und Balance<\/h3>\n<h5>Artikel &#8211; Doz. Dipl.Ing. Dr. Karl Prammer, 2014<\/h5>\n<p>[\/vc_column_text][\/vc_column][\/vc_row][vc_row][vc_column width=&#8221;1\/4&#8243;][vc_single_image image=&#8221;1745&#8243; img_size=&#8221;full&#8221; style=&#8221;vc_box_rounded&#8221; onclick=&#8221;custom_link&#8221; img_link_target=&#8221;_blank&#8221; link=&#8221;http:\/\/www.prammer.eu\/wp-content\/uploads\/2016\/03\/AK-IFAM_Betriebliche-Ver\u00e4nderungen_kl.pdf&#8221;][\/vc_column][vc_column width=&#8221;3\/4&#8243;][vc_column_text]<\/p>\n<p class=\"p2\">Abstract \u2014 In betrieblichen Entwicklungsprozessen wird Betriebsr\u00e4ten heute eine hohe Elastizit\u00e4t abverlangt. Diese l\u00e4sst sie h\u00e4ufig an die eigene Zerrei\u00dfgrenze kommen. Sie m\u00fcssen scheinbare Widerspr\u00fcche ausbalancieren. Wie Jongleuren muss es ihnen gelingen, parallel mehrere Widerspruchspaare im Spiel zu halten. Zum Beispiel: <i>Bewahren<\/i> &amp; <i>Ver\u00e4ndern<\/i>, <i>der Einzelne<\/i> &amp; <i>das Ganze<\/i>, <i>Unternehmen<\/i> &amp; <i>Gewerkschaftsbewegung.<\/i><br \/>\nIm Kurzartikel versucht Karl Prammer aber nicht nur solche typischen Widerspruchsfelder zu beleuchten. Er setzt diesen auch l\u00f6sungsorientierte Aussagen entgegen. Beispielsweise:<br \/>\nDem Management vor Augen f\u00fchren, dass der Erfolg eines Gestaltungsprozesses nicht nur eine Funktion der inhaltlichen Qualit\u00e4t der gefundenen L\u00f6sungen ist sondern auch der Akzeptanz, welche diesen L\u00f6sungen und dem Prozess ihrer Entstehung entgegengebracht.<br \/>\nJe mehr Manager, F\u00fchrungskr\u00e4fte, Change Agents und Berater nur \u201edas Neue\u201c im Auge haben und promoten, umso mehr m\u00fcssen andere dem \u201eAlten\u201c Sprache geben. Oder umgekehrt: Wenn diese das, was MitarbeiterInnen und Betriebsr\u00e4te f\u00fcr bedeutsam erachten, ebenso beachten, w\u00fcrdigen, dann k\u00f6nnen MitarbeiterInnen und Betriebsr\u00e4te auch  auf das fokussieren, was Managern und F\u00fchrungskr\u00e4ften f\u00fcrs \u00dcberleben in der Zukunft bedeutsam erscheint.<\/p>\n<p class=\"p2\">AK \u00d6sterreich &#8211; AK IFAM Institut f\u00fcr Ausfsichtsrat-Mitbestimmung Nr. 3 August 2014<\/p>\n<p>[\/vc_column_text][\/vc_column][\/vc_row][vc_row][vc_column][vc_separator style=&#8221;dotted&#8221;][\/vc_column][\/vc_row][vc_row][vc_column][vc_column_text]<\/p>\n<h3 class=\"p2\">UNTERSCHIEDE IN EINKLANG BRINGEN<br \/>\n<b>Von der Herausforderung, Kooperationen zu beraten<\/b><\/h3>\n<h5><b>Artikel \u2013 ZOE Organisationsentwicklung, Zeitschrift f\u00fcr Unternehmensentwicklung und Change Management. Ralph Grossmann \/ Karl Prammer \/ Christian Neugebauer, Handelsblatt Fachmedien \/ D\u00fcsseldorf, 2011\/2<\/b><\/h5>\n<h5><b> <\/b><\/h5>\n<p>[\/vc_column_text][\/vc_column][\/vc_row][vc_row][vc_column width=&#8221;1\/4&#8243;][vc_single_image image=&#8221;1157&#8243; img_size=&#8221;full&#8221; style=&#8221;vc_box_rounded&#8221; onclick=&#8221;custom_link&#8221; img_link_target=&#8221;_blank&#8221; link=&#8221;http:\/\/www.prammer.eu\/wp-content\/uploads\/2016\/08\/ZOE_2_11_Unterschiede.pdf&#8221; css=&#8221;.vc_custom_1470404709635{margin-top: -36px !important;}&#8221;][\/vc_column][vc_column width=&#8221;3\/4&#8243;][vc_column_text css=&#8221;.vc_custom_1470404746478{margin-top: -36px !important;}&#8221;]\u00abF\u00fchren Sie \u00fcber 30 staatliche, ausgegliederte staatsnahe und zivilgesellschaftliche Organisationen des Gesundheits- und Sozialbereichs in ein Kooperationssystem zusammen. Beraten Sie dabei die beteiligten Akteure (letztlich waren es 164 Personen, die in unterschiedlichen Projektgremien aktiv mitwirkten) beim Aufbau einer raschen, l\u00fcckenlosen sowie medizinisch und \u00f6konomisch sinnvollen Behandlungskette f\u00fcr alle PatientInnen bzw. unmittelbar Betroffenen. Und entwickeln Sie eine gemeinsame Kooperationsstruktur, um die Ergebnisse dieses Ver\u00e4nderungsprozesses nachhaltig abzusichern.\u00bb<\/p>\n<p data-canvas-width=\"837.65\">Anhand dieser Fallstudie arbeiten wir einige zentrale Fragen und Herausforderungen heraus, denen sich BeraterInnen und Beteiligte beim Aufbau einer trans- und interdiziplin\u00e4ren Kooperation stellen sollten.<\/p>\n<p>In: ZOE Zeitschrift f\u00fcr Organisationsentwicklung und Change Management , 2011\/2, S.20-29[\/vc_column_text][\/vc_column][\/vc_row]<\/p>\n","protected":false},"excerpt":{"rendered":"<p>[vc_row][vc_column][\/vc_column][\/vc_row][vc_row][vc_column][vc_separator][\/vc_column][\/vc_row][vc_row][vc_column][vc_column_text] ORGANISATIONEN UND KONFLIKTE Wie Konflikte Entwicklungschancen in &#038; f\u00fcr Organisationen schaffen Artikel &#8211; Mag. T\u00fcnde Erd\u00f3s, MSc; Doz. Dipl.Ing. Dr. Karl Prammer, 2017 [\/vc_column_text][\/vc_column][\/vc_row][vc_row][vc_column width=&#8221;1\/4&#8243;][vc_single_image image=&#8221;1967&#8243; img_size=&#8221;full&#8221; style=&#8221;vc_box_rounded&#8221; onclick=&#8221;custom_link&#8221; img_link_target=&#8221;_blank&#8221; link=&#8221;http:\/\/www.prammer.eu\/wp-content\/uploads\/2018\/03\/Konflikte_und_Organisationen-Erdo\u0308s_Prammer-WISO2017.pdf&#8221;][\/vc_column][vc_column width=&#8221;3\/4&#8243;][vc_column_text] Abstract \u2014 Entwicklung und Lernen in und von Organisationen lebt von Unterschieden. Unterschieden wohnt aber h\u00e4ufig etwas Bedrohliches in sich. Ist die<\/p>\n","protected":false},"author":1,"featured_media":0,"parent":0,"menu_order":0,"comment_status":"closed","ping_status":"closed","template":"template-full.php","meta":[],"_links":{"self":[{"href":"https:\/\/www.prammer.eu\/index.php?rest_route=\/wp\/v2\/pages\/175"}],"collection":[{"href":"https:\/\/www.prammer.eu\/index.php?rest_route=\/wp\/v2\/pages"}],"about":[{"href":"https:\/\/www.prammer.eu\/index.php?rest_route=\/wp\/v2\/types\/page"}],"author":[{"embeddable":true,"href":"https:\/\/www.prammer.eu\/index.php?rest_route=\/wp\/v2\/users\/1"}],"replies":[{"embeddable":true,"href":"https:\/\/www.prammer.eu\/index.php?rest_route=%2Fwp%2Fv2%2Fcomments&post=175"}],"version-history":[{"count":55,"href":"https:\/\/www.prammer.eu\/index.php?rest_route=\/wp\/v2\/pages\/175\/revisions"}],"predecessor-version":[{"id":2108,"href":"https:\/\/www.prammer.eu\/index.php?rest_route=\/wp\/v2\/pages\/175\/revisions\/2108"}],"wp:attachment":[{"href":"https:\/\/www.prammer.eu\/index.php?rest_route=%2Fwp%2Fv2%2Fmedia&parent=175"}],"curies":[{"name":"wp","href":"https:\/\/api.w.org\/{rel}","templated":true}]}}