{"id":2583,"date":"2021-10-08T10:48:58","date_gmt":"2021-10-08T08:48:58","guid":{"rendered":"http:\/\/www.prammer.eu\/?page_id=2583"},"modified":"2021-10-10T20:58:36","modified_gmt":"2021-10-10T18:58:36","slug":"wiener-schule","status":"publish","type":"page","link":"https:\/\/www.prammer.eu\/?page_id=2583","title":{"rendered":"Wiener Schule"},"content":{"rendered":"<p>[vc_row][vc_column]<div class=\"icon-box\"><i class=\"fa fa-square\" style=\"color:#f9c136\"><\/i><div class=\"icon-box-content\"><h3>WIENER SCHULE DER ORGANISATIONSBERATUNG<\/h3><p><\/p><\/div><\/div>[\/vc_column][\/vc_row][vc_row][vc_column][vc_separator][\/vc_column][\/vc_row][vc_row css=&#8221;.vc_custom_1455877080853{margin-bottom: 60px !important;}&#8221;][vc_column width=&#8221;5\/6&#8243;][vc_column_text css=&#8221;.vc_custom_1458381761343{margin-top: -30px !important;}&#8221;]<\/p>\n<h3>DIE GESCHICHTE DER WIENER SCHULE DER ORGANISATIONSBERATUNG<\/h3>\n<p>[\/vc_column_text][\/vc_column][\/vc_row][vc_row][vc_column][vc_column_text css=&#8221;.vc_custom_1633683591799{margin-top: -30px !important;}&#8221;]Zu Beginn der 1970er Jahren etabliert sich im Raum Wien ein Forschungsbiotop zur systemischen Beratung und Qualifizierung von Organisationen. Zwei Institutionen bieten hierf\u00fcr den Raum: das Seminarzentrum \u201eSchloss Hernstein\u201c der Wirtschaftskammer Wien und die \u201e\u00d6sterreichische Gesellschaft f\u00fcr Gruppendynamik und Gruppenp\u00e4dagogik\u201c, die 1973 einige Gruppendynamiker der ersten Stunde in \u00d6sterreich gegr\u00fcndet hatten und sp\u00e4ter auf \u201e\u00d6sterreichische Gesellschaft f\u00fcr Gruppendynamik und Organisationsberatung \u00d6GGO\u201c umbenannt wurde. Hernstein und \u00d6GGO fungieren \u00fcber die n\u00e4chsten drei Jahrzehnte als Theorieentwicklungszentrum und zentrale Qualifizierungsplattform f\u00fcr die Weiterentwicklung des Biotops sowie die Rekrutierung der systemischen Beratungsszene in \u00d6sterreich. Ende der 1970er, w\u00e4hrend der 1980er und bis hinein in die fr\u00fchen 1990er Jahre werden im Biotop immer wieder Entwicklungsdiskurse mit Vertretern von f\u00fcr relevant befundenen Wissenschaftsdisziplinen gef\u00fchrt sowie mit Repr\u00e4sentanten anderer (Beratungs\u00ad)Biotope, die sich auf relevante \u00e4hnliche neueste Erkenntnisse aus Wissenschaft und Feldforschung berufen. 1999 l\u00e4dt die \u00d6sterreichische Bundesregierung \u00fcber die Bundeswirtschaftskammer und diese wiederum \u00fcber und mit dem Hernstein Institut die drei Unternehmen CONECTA, BGN und OSB aus dem Bereich Systemische Beratung dazu ein, auf der Weltausstellung EXPO 2000 in Hannover als Repr\u00e4sentanten innovativer \u00f6sterreichischer Dienstleistungsunternehmungen aufzutreten. Gemeinsam mit dem Hernstein Institut firmieren die drei Beratungsunternehmen auf der Weltausstellung dann als \u201eDie Wiener Schule der Organisationsberatung\u201c. Der Begriff wurde urspr\u00fcnglich von Klienten in Deutschland als Zuschreibung f\u00fcr den systemisch konstruktivistische Beratungsansatz der BeraterInnen aus dem Wiener gruppendynamischen Organisationsberatungsbiotop kreiert. Karl Prammer war \u00fcber 27 Jahre Gesch\u00e4ftsf\u00fchrender Gesellschafter der CONECTA und gr\u00fcndete 2014 die \u201ePRAMMER Beratungs KG \u2013 Wiener Schule der Organisationsberatung\u201c.<\/p>\n<p>&nbsp;[\/vc_column_text][\/vc_column][\/vc_row][vc_row][vc_column width=&#8221;1\/4&#8243;][vc_single_image image=&#8221;2589&#8243; img_size=&#8221;medium&#8221; style=&#8221;vc_box_rounded&#8221; onclick=&#8221;custom_link&#8221; link=&#8221;http:\/\/www.prammer.eu\/wp-content\/uploads\/2021\/10\/Geschichte-Wiener-Schule_Kapitel-1_Aug2021.pdf&#8221;][\/vc_column][vc_column width=&#8221;3\/4&#8243;][vc_column_text]<strong>Auszug aus &#8220;Die Geschichte der Wiener Schule der Organisationsberatung&#8221;<\/strong><\/p>\n<p>auf 9 Seiten findet sich eine detaillierte Beschreibung eines halben Jahrhunderts \u201eWiener Schule der Organisationsberatung\u201c. Es handelt sich dabei um das erste Kapitel aus dem Buch:\u00a0 \u201eA. Janes \/ K. Prammer: Kontextuelle Organisationsberatung \u2013 Theorien, Methoden, Instrumente, Fallbeispiele aus der Wiener Schule.\u00a0 Carl-Auer \/ Heidelberg 2021\u201c.<\/p>\n<p><a href=\"http:\/\/www.prammer.eu\/wp-content\/uploads\/2021\/10\/Geschichte-Wiener-Schule_Kapitel-1_Aug2021.pdf\" target=\"_blank\" rel=\"noopener noreferrer\">&gt;\u00a0Downloadlink zum Artikel<\/a><br \/>\n<a href=\"https:\/\/www.carl-auer.de\/kontextuelle-organisationsberatung\">&gt; Verlagslink zum Buch<\/a>[\/vc_column_text][\/vc_column][\/vc_row]<\/p>\n","protected":false},"excerpt":{"rendered":"<p>[vc_row][vc_column][\/vc_column][\/vc_row][vc_row][vc_column][vc_separator][\/vc_column][\/vc_row][vc_row css=&#8221;.vc_custom_1455877080853{margin-bottom: 60px !important;}&#8221;][vc_column width=&#8221;5\/6&#8243;][vc_column_text css=&#8221;.vc_custom_1458381761343{margin-top: -30px !important;}&#8221;] DIE GESCHICHTE DER WIENER SCHULE DER ORGANISATIONSBERATUNG [\/vc_column_text][\/vc_column][\/vc_row][vc_row][vc_column][vc_column_text css=&#8221;.vc_custom_1633683591799{margin-top: -30px !important;}&#8221;]Zu Beginn der 1970er Jahren etabliert sich im Raum Wien ein Forschungsbiotop zur systemischen Beratung und Qualifizierung von Organisationen. Zwei Institutionen bieten hierf\u00fcr den Raum: das Seminarzentrum \u201eSchloss Hernstein\u201c der Wirtschaftskammer Wien und die \u201e\u00d6sterreichische Gesellschaft f\u00fcr<\/p>\n","protected":false},"author":1,"featured_media":0,"parent":0,"menu_order":0,"comment_status":"closed","ping_status":"closed","template":"template-full.php","meta":[],"_links":{"self":[{"href":"https:\/\/www.prammer.eu\/index.php?rest_route=\/wp\/v2\/pages\/2583"}],"collection":[{"href":"https:\/\/www.prammer.eu\/index.php?rest_route=\/wp\/v2\/pages"}],"about":[{"href":"https:\/\/www.prammer.eu\/index.php?rest_route=\/wp\/v2\/types\/page"}],"author":[{"embeddable":true,"href":"https:\/\/www.prammer.eu\/index.php?rest_route=\/wp\/v2\/users\/1"}],"replies":[{"embeddable":true,"href":"https:\/\/www.prammer.eu\/index.php?rest_route=%2Fwp%2Fv2%2Fcomments&post=2583"}],"version-history":[{"count":11,"href":"https:\/\/www.prammer.eu\/index.php?rest_route=\/wp\/v2\/pages\/2583\/revisions"}],"predecessor-version":[{"id":2634,"href":"https:\/\/www.prammer.eu\/index.php?rest_route=\/wp\/v2\/pages\/2583\/revisions\/2634"}],"wp:attachment":[{"href":"https:\/\/www.prammer.eu\/index.php?rest_route=%2Fwp%2Fv2%2Fmedia&parent=2583"}],"curies":[{"name":"wp","href":"https:\/\/api.w.org\/{rel}","templated":true}]}}