{"id":703,"date":"2016-02-13T10:53:08","date_gmt":"2016-02-13T09:53:08","guid":{"rendered":"http:\/\/www.prammer.eu\/?page_id=703"},"modified":"2016-03-24T13:17:11","modified_gmt":"2016-03-24T12:17:11","slug":"supervision","status":"publish","type":"page","link":"https:\/\/www.prammer.eu\/?page_id=703","title":{"rendered":"Aktivit\u00e4tsfelder &#8211; Supervision"},"content":{"rendered":"<p>[vc_row][vc_column]<div class=\"icon-box\"><i class=\"fa fa-square\" style=\"color:#f9c136\"><\/i><div class=\"icon-box-content\"><h3>AKTIVIT\u00c4TSBEREICHE - SUPERVISION<\/h3><p><\/p><\/div><\/div>[\/vc_column][\/vc_row][vc_row][vc_column][vc_separator][\/vc_column][\/vc_row][vc_row][vc_column width=&#8221;3\/4&#8243;][vc_column_text]<\/p>\n<h2>SUPERVISION<\/h2>\n<p>Wir moderieren Supervisionen im Sinne \u201eKollegialer Beratungen\u201c. Im Regelfall finden diese im Rahmen von 1\u00bd-Tage dauernden Veranstaltungen statt. Eine solche Intervision kann sowohl integriert im Rahmen eines umfassenderen Trainings-Curricula stattfinden, oder aber in Form einer einmaligen themenfokussierten Einzel\u00adveranstaltung mit TeilnehmerInnen aus unterschiedlichen Organisationen, oder als sich wiederholendes Setting f\u00fcr eine sozial geschlossene Gruppe (\u00fcber mehrere Jahre).<\/p>\n<p>Wenn eine solche \u201eKollegiale Beratung\u201c Teil eines Trainings-Curricula ist, dann geht es prim\u00e4r um eine Unterst\u00fctzung des Transfer des im Curriculum vermittelten Wissens in die Alltags\u00adpraxis der Teilnehmer\u00adInnen. Die Teilnehmer\u00adInnen bringen konkrete Problemf\u00e4lle bzw. Heraus\u00adfor\u00adderungen, vor denen sie stehen, in das Intervisionssetting ein. Die KollegInnen reflektieren mit der Fall\u00adbringerIn deren Fall, beleuchten den relevanten Kontext, leiten Hypothesen zu eventuell wirksamen Mecha\u00adnismen ab und entwickeln passend erschei\u00adnende Handlungs- bzw. L\u00f6sungs\u00adoptionen. Wir als externe Begleitung erg\u00e4nzen inhaltlich die Arbeit der KollegInnen und stellen passende Bearbeitungstools zur Verf\u00fcgung. Hierbei wird mit einem Tool-Spek\u00adtrum vom klassischen Balint-Intervisionsmodell, \u00fcber Rollenspiel\u00adsequenzen, kleinen Auf\u00adstellungs\u00adformaten, analytisch marktwirtschaftliche Diagnosen bis hin zu l\u00f6sungs\u00adfokussierter Skalenarbeit gear\u00adbeitet. Wir achten bei der Auswahl der Bear\u00adbeitungs\u00adinstru\u00admente auf hohe Zweck\u00adm\u00e4\u00dfigkeit und Vielfalt zugleich. Letzteres, um den Teilnehmer\u00adInnen einen gut ausge\u00adstatteten Instrumenten\u00adrucksack f\u00fcr deren unbegleitete Problemreflexion im Alltag mitzugeben.<\/p>\n<p>Intervisionsarbeit \u00fcber einen l\u00e4ngeren Zeitraum mit einer sozial geschlossenen Gruppe offeriert eine h\u00f6chstm\u00f6gliche Vertrau\u00adlichkeit. Damit wird auch die Bearbeitung sehr pers\u00f6nlicher Fragestellungen m\u00f6glich. Eine solche Intervisions-Reihe kann in einem Curriculum oder Seminar grundgelegt werden. Danach findet die Intervision ca. zweimal j\u00e4hrlich am gleichen oder auch an unterschiedlichen \u2013 auch touristisch interessanten Orten &#8211; statt. Vielfach wird in einer solchen Intervisionsreihe dann auch auf themenfokussierte Intervision umgestiegen bzw. bringt die BegleiterIn zu einem vorab ver\u00adeinbarten Thema einen elaborierten Orien\u00adtierungs\u00adinput als Grundlage einer gemeinsamen Reflexion mit.[\/vc_column_text][vc_icon icon_fontawesome=&#8221;fa fa-chevron-left&#8221; color=&#8221;white&#8221; background_style=&#8221;boxed&#8221; background_color=&#8221;custom&#8221; size=&#8221;xs&#8221; custom_background_color=&#8221;#f9c136&#8243; link=&#8221;url:http%3A%2F%2Fwww.prammer.eu%2F%3Fpage_id%3D58||&#8221;][\/vc_column][vc_column width=&#8221;1\/4&#8243;][vc_single_image image=&#8221;1447&#8243; img_size=&#8221;full&#8221; alignment=&#8221;right&#8221; style=&#8221;vc_box_rounded&#8221; onclick=&#8221;link_image&#8221; css=&#8221;.vc_custom_1458821827869{margin-top: 60px !important;}&#8221;][vc_single_image image=&#8221;1450&#8243; img_size=&#8221;full&#8221; alignment=&#8221;right&#8221; style=&#8221;vc_box_rounded&#8221; onclick=&#8221;link_image&#8221;][\/vc_column][\/vc_row][vc_row][\/vc_row]<\/p>\n","protected":false},"excerpt":{"rendered":"<p>[vc_row][vc_column][\/vc_column][\/vc_row][vc_row][vc_column][vc_separator][\/vc_column][\/vc_row][vc_row][vc_column width=&#8221;3\/4&#8243;][vc_column_text] SUPERVISION Wir moderieren Supervisionen im Sinne \u201eKollegialer Beratungen\u201c. Im Regelfall finden diese im Rahmen von 1\u00bd-Tage dauernden Veranstaltungen statt. Eine solche Intervision kann sowohl integriert im Rahmen eines umfassenderen Trainings-Curricula stattfinden, oder aber in Form einer einmaligen themenfokussierten Einzel\u00adveranstaltung mit TeilnehmerInnen aus unterschiedlichen Organisationen, oder als sich wiederholendes Setting f\u00fcr eine sozial geschlossene<\/p>\n","protected":false},"author":1,"featured_media":0,"parent":58,"menu_order":0,"comment_status":"closed","ping_status":"closed","template":"template-full.php","meta":[],"_links":{"self":[{"href":"https:\/\/www.prammer.eu\/index.php?rest_route=\/wp\/v2\/pages\/703"}],"collection":[{"href":"https:\/\/www.prammer.eu\/index.php?rest_route=\/wp\/v2\/pages"}],"about":[{"href":"https:\/\/www.prammer.eu\/index.php?rest_route=\/wp\/v2\/types\/page"}],"author":[{"embeddable":true,"href":"https:\/\/www.prammer.eu\/index.php?rest_route=\/wp\/v2\/users\/1"}],"replies":[{"embeddable":true,"href":"https:\/\/www.prammer.eu\/index.php?rest_route=%2Fwp%2Fv2%2Fcomments&post=703"}],"version-history":[{"count":15,"href":"https:\/\/www.prammer.eu\/index.php?rest_route=\/wp\/v2\/pages\/703\/revisions"}],"predecessor-version":[{"id":1451,"href":"https:\/\/www.prammer.eu\/index.php?rest_route=\/wp\/v2\/pages\/703\/revisions\/1451"}],"up":[{"embeddable":true,"href":"https:\/\/www.prammer.eu\/index.php?rest_route=\/wp\/v2\/pages\/58"}],"wp:attachment":[{"href":"https:\/\/www.prammer.eu\/index.php?rest_route=%2Fwp%2Fv2%2Fmedia&parent=703"}],"curies":[{"name":"wp","href":"https:\/\/api.w.org\/{rel}","templated":true}]}}