{"id":9,"date":"2016-01-02T11:06:05","date_gmt":"2016-01-02T10:06:05","guid":{"rendered":"http:\/\/www.prammer.eu\/?page_id=9"},"modified":"2021-12-28T13:31:47","modified_gmt":"2021-12-28T12:31:47","slug":"basic-page","status":"publish","type":"page","link":"https:\/\/www.prammer.eu\/","title":{"rendered":"Basic Page"},"content":{"rendered":"<p>[vc_row css=&#8221;.vc_custom_1455901871914{margin-top: -36px !important;}&#8221;][vc_column css=&#8221;.vc_custom_1459497753492{padding-top: 84px !important;}&#8221;][vc_column_text css=&#8221;.vc_custom_1498910604317{margin-top: -24px !important;margin-right: 15px !important;margin-left: 15px !important;}&#8221;]Die <span style=\"color: #f9c136;\">PRAMMER <\/span>BERATUNGS KG wurde im Fr\u00fchling 2014 von Karl Prammer in der Tradition der Wiener Schule der Organisationsberatung gegr\u00fcndet. Ihre Aktivit\u00e4ten fokussieren auf Beraten, Forschen und Publizieren im Themenfeld Organisationsentwicklung und Organisationsberatung. Das Fundament ihrer T\u00e4tigkeit bildet der TransformationsManagement-Ansatz.<\/p>\n<p>Ein zentrales Anliegen ist: auftragsbezogen vorhandene Potentiale (in) einer Organisation zu heben helfen, diesbez\u00fcgliche Selbstf\u00fchrungs- und Selbstorganisierungsaktivit\u00e4ten nachhaltig zu initiieren, sowie zweckm\u00e4\u00dfige Optimierungs- und Musterwechsel-Vorhaben auf Organisationsstruktur-\/business-Modell-\/Produkt-\/Leistungsprozess-\/Instrumenten-\/Verhaltens-\/Rollenprofil-\/etc.-Ebene beteiligungsorientiert und ressourcen\u00f6konomisch zugleich zu begleiten.<\/p>\n<p>Die historischen Wurzeln der\u00a0<span style=\"color: #f9c136;\">PRAMMER <\/span>BERATUNGS KG finden sich im Biotop aus dem sich die systemische \u201eWiener Schule der Organisationsberatung\u201c im letzten Drittel des 20igsten Jahrhunderts entwickelte. Deren bekannteste institutionellen Vertreter waren die OSB organisationen systemisch beraten (gegr\u00fcndet 1988), die BGN Beratergruppe Neuwaldegg (gegr\u00fcndet 1980) und die CONECTA (gegr\u00fcndet 1976). Karl Prammer, Miteigent\u00fcmer der <span style=\"color: #f9c136;\">PRAMMER <\/span>BERATUNGS KG , stie\u00df 1987 zur\u00a0CONECTA und war \u00fcber 25 Jahre einer ihrer gesch\u00e4ftsf\u00fchrenden Gesellschafter.[\/vc_column_text][\/vc_column][\/vc_row][vc_row css=&#8221;.vc_custom_1456672056540{margin-right: 1px !important;margin-left: 1px !important;}&#8221;][vc_column]<div class=\"icon-box\"><i class=\"fa fa-align-justify\" style=\"color:#f9c136\"><\/i><div class=\"icon-box-content\"><h3>News<\/h3><p><\/p><\/div><\/div>[\/vc_column][\/vc_row][vc_row css=&#8221;.vc_custom_1456672064197{margin-top: -24px !important;margin-right: 1px !important;margin-left: 1px !important;}&#8221;][vc_column width=&#8221;1\/3&#8243;][vc_text_separator title=&#8221;Videoclip \/ Podcast&#8221;][vc_column_text]<\/p>\n<p style=\"text-align: center;\"><a href=\"https:\/\/www.prammer.eu\/?p=2621\"><span style=\"color: #808080;\u201c>\u201eWieviel Ver\u00e4nderung braucht Organisation?\u201c <\/span><\/a><br \/>\n<a href=\"https:\/\/www.prammer.eu\/?p=2539\"> <span style=\"color: #808080;\">Barbara Sch\u00fctze, Managing Partner von Toccaverde &#8211; creating space for Business growth<br \/>\nim Dialog mit Karl Prammer,<br \/>\nToccaverde, Oktober 2021<\/span><\/a><\/p>\n<p>[\/vc_column_text][\/vc_column][vc_column width=&#8221;1\/3&#8243;][vc_text_separator title=&#8221;un\u00b7systemischer Ratschlag&#8221;][vc_column_text]<\/p>\n<p style=\"text-align: center;\"><span style=\"color: #f9c136;\"><em><em><a href=\"https:\/\/www.prammer.eu\/?p=2664\">Dezember 2021:<br \/>\nTipps zum zweckm\u00e4\u00dfigen Umgang mit Vorgesetzten\/KollegInnen\/MitarbeiterInnen, die einem stark emotionalisiert begegnen &#8230;<br \/>\n<\/em><\/em><\/span><\/p>\n<p>[\/vc_column_text][\/vc_column][vc_column width=&#8221;1\/3&#8243;][vc_text_separator title=&#8221;Publikation&#8221;][vc_column_text]<\/p>\n<p style=\"text-align: center;\"><span style=\"color: #808080;\"><a style=\"color: #808080;\" href=\"https:\/\/www.prammer.eu\/?p=2637\">&#8220;Neues Buch von Karl Prammer&#8221;<br \/>\nPortrait von Karl Prammer in den Nieder\u00f6sterreichischen Nachrichten<br \/>\nN\u00d6N, 2021\/34, S.22\/23<br \/>\n<\/a><\/span><\/p>\n<p>[\/vc_column_text][\/vc_column][\/vc_row][vc_row css=&#8221;.vc_custom_1456672119141{margin-right: 1px !important;margin-left: 1px !important;}&#8221;][vc_column][vc_separator][\/vc_column][\/vc_row]<\/p>\n","protected":false},"excerpt":{"rendered":"<p>[vc_row css=&#8221;.vc_custom_1455901871914{margin-top: -36px !important;}&#8221;][vc_column css=&#8221;.vc_custom_1459497753492{padding-top: 84px !important;}&#8221;][vc_column_text css=&#8221;.vc_custom_1498910604317{margin-top: -24px !important;margin-right: 15px !important;margin-left: 15px !important;}&#8221;]Die PRAMMER BERATUNGS KG wurde im Fr\u00fchling 2014 von Karl Prammer in der Tradition der Wiener Schule der Organisationsberatung gegr\u00fcndet. Ihre Aktivit\u00e4ten fokussieren auf Beraten, Forschen und Publizieren im Themenfeld Organisationsentwicklung und Organisationsberatung. Das Fundament ihrer T\u00e4tigkeit bildet der TransformationsManagement-Ansatz. Ein zentrales<\/p>\n","protected":false},"author":1,"featured_media":0,"parent":0,"menu_order":0,"comment_status":"closed","ping_status":"closed","template":"template-home.php","meta":[],"_links":{"self":[{"href":"https:\/\/www.prammer.eu\/index.php?rest_route=\/wp\/v2\/pages\/9"}],"collection":[{"href":"https:\/\/www.prammer.eu\/index.php?rest_route=\/wp\/v2\/pages"}],"about":[{"href":"https:\/\/www.prammer.eu\/index.php?rest_route=\/wp\/v2\/types\/page"}],"author":[{"embeddable":true,"href":"https:\/\/www.prammer.eu\/index.php?rest_route=\/wp\/v2\/users\/1"}],"replies":[{"embeddable":true,"href":"https:\/\/www.prammer.eu\/index.php?rest_route=%2Fwp%2Fv2%2Fcomments&post=9"}],"version-history":[{"count":161,"href":"https:\/\/www.prammer.eu\/index.php?rest_route=\/wp\/v2\/pages\/9\/revisions"}],"predecessor-version":[{"id":2670,"href":"https:\/\/www.prammer.eu\/index.php?rest_route=\/wp\/v2\/pages\/9\/revisions\/2670"}],"wp:attachment":[{"href":"https:\/\/www.prammer.eu\/index.php?rest_route=%2Fwp%2Fv2%2Fmedia&parent=9"}],"curies":[{"name":"wp","href":"https:\/\/api.w.org\/{rel}","templated":true}]}}